{"id":2024,"date":"2025-09-18T18:34:56","date_gmt":"2025-09-18T18:34:56","guid":{"rendered":"https:\/\/sitiosweburuguay.com\/genexa\/?page_id=2024"},"modified":"2025-12-11T18:21:51","modified_gmt":"2025-12-11T18:21:51","slug":"brangus","status":"publish","type":"page","link":"https:\/\/sitiosweburuguay.com\/genexa\/brangus\/","title":{"rendered":"Brangus"},"content":{"rendered":"\t\t<div data-elementor-type=\"wp-page\" data-elementor-id=\"2024\" class=\"elementor elementor-2024\">\n\t\t\t\t<div class=\"elementor-element elementor-element-3963581 e-flex e-con-boxed e-con e-parent\" data-id=\"3963581\" data-element_type=\"container\">\n\t\t\t\t\t<div class=\"e-con-inner\">\n\t\t\t\t<div class=\"elementor-element elementor-element-bb432b7 elementor-widget elementor-widget-spacer\" data-id=\"bb432b7\" data-element_type=\"widget\" data-widget_type=\"spacer.default\">\n\t\t\t\t\t\t\t<div class=\"elementor-spacer\">\n\t\t\t<div class=\"elementor-spacer-inner\"><\/div>\n\t\t<\/div>\n\t\t\t\t\t\t<\/div>\n\t\t\t\t\t<\/div>\n\t\t\t\t<\/div>\n\t\t<div class=\"elementor-element elementor-element-79582d9 e-flex e-con-boxed e-con e-parent\" data-id=\"79582d9\" data-element_type=\"container\">\n\t\t\t\t\t<div class=\"e-con-inner\">\n\t\t\t\t<div class=\"elementor-element elementor-element-0348bb0 elementor-widget elementor-widget-image\" data-id=\"0348bb0\" data-element_type=\"widget\" data-widget_type=\"image.default\">\n\t\t\t\t\t\t\t\t\t\t\t\t\t\t\t<img fetchpriority=\"high\" decoding=\"async\" width=\"1150\" height=\"400\" src=\"https:\/\/sitiosweburuguay.com\/genexa\/wp-content\/uploads\/2025\/09\/5.jpg\" class=\"attachment-full size-full wp-image-2027\" alt=\"\" srcset=\"https:\/\/sitiosweburuguay.com\/genexa\/wp-content\/uploads\/2025\/09\/5.jpg 1150w, https:\/\/sitiosweburuguay.com\/genexa\/wp-content\/uploads\/2025\/09\/5-300x104.jpg 300w, https:\/\/sitiosweburuguay.com\/genexa\/wp-content\/uploads\/2025\/09\/5-1024x356.jpg 1024w, https:\/\/sitiosweburuguay.com\/genexa\/wp-content\/uploads\/2025\/09\/5-768x267.jpg 768w\" sizes=\"(max-width: 1150px) 100vw, 1150px\" \/>\t\t\t\t\t\t\t\t\t\t\t\t\t\t\t<\/div>\n\t\t\t\t\t<\/div>\n\t\t\t\t<\/div>\n\t\t<div class=\"elementor-element elementor-element-5884155 e-flex e-con-boxed e-con e-parent\" data-id=\"5884155\" data-element_type=\"container\">\n\t\t\t\t\t<div class=\"e-con-inner\">\n\t\t\t\t<div class=\"elementor-element elementor-element-eeb12b0 elementor-widget elementor-widget-text-editor\" data-id=\"eeb12b0\" data-element_type=\"widget\" data-widget_type=\"text-editor.default\">\n\t\t\t\t\t\t\t\t\t<h3><strong>Introducci\u00f3n.<\/strong><\/h3><p>\u00a0<\/p><p>La Enfermedad de Pompe o Pompe&#8217;s disease para la literatura internacional, es una enfermedad metab\u00f3lica de origen gen\u00e9tico, que afecta algunos mam\u00edferos, entre ellos a bovinos de las razas Brahman y Shorthorn y al hombre. La enfermedad se debe a una alteraci\u00f3n en el gen que produce la enzima alfa glucosidasa \u00e1cida (GAA), necesaria para remover el gluc\u00f3geno desde el tejido muscular. La herencia es recesiva, por lo tanto animales que llevan una variante afectada del gen son cl\u00ednicamente sanos pero capaces de<\/p><p>transmitir la variante al 50% de su progenie, propagando as\u00ed el defecto en la raza.<\/p><p>\u00a0<\/p><h3><strong>Sobre el estudio<\/strong><\/h3><p><strong>\u00a0<\/strong><\/p><p>Extracci\u00f3n de ADN a partir de cualquier tipo de muestra y detecci\u00f3n de dos variantes en el gen GAA<strong>.<\/strong><\/p>\t\t\t\t\t\t\t\t<\/div>\n\t\t\t\t\t<\/div>\n\t\t\t\t<\/div>\n\t\t<div class=\"elementor-element elementor-element-8f4ec60 e-flex e-con-boxed e-con e-parent\" data-id=\"8f4ec60\" data-element_type=\"container\" data-settings=\"{&quot;background_background&quot;:&quot;classic&quot;}\">\n\t\t\t\t\t<div class=\"e-con-inner\">\n\t\t\t\t<div class=\"elementor-element elementor-element-47740b8 elementor-widget elementor-widget-text-editor\" data-id=\"47740b8\" data-element_type=\"widget\" data-widget_type=\"text-editor.default\">\n\t\t\t\t\t\t\t\t\t<h3><strong>Tipo de muestra:<\/strong><\/h3><p>\u00a0<\/p><p>Cualquier tipo de muestra biol\u00f3gica.<\/p><p>\u00a0<\/p><h3><strong>T\u00e9cnica empleada:<\/strong><\/h3><p>\u00a0<\/p><p>Secuenciaci\u00f3n Sanger<\/p><p><strong>\u00a0<\/strong><\/p><h3><strong>Plazo:<\/strong><\/h3><p>\u00a0<\/p><p>10 d\u00edas h\u00e1biles.<\/p>\t\t\t\t\t\t\t\t<\/div>\n\t\t\t\t\t<\/div>\n\t\t\t\t<\/div>\n\t\t<div class=\"elementor-element elementor-element-d25cfe3 e-flex e-con-boxed e-con e-parent\" data-id=\"d25cfe3\" data-element_type=\"container\" data-settings=\"{&quot;background_background&quot;:&quot;classic&quot;}\">\n\t\t\t\t\t<div class=\"e-con-inner\">\n\t\t\t\t<div class=\"elementor-element elementor-element-c3da22a elementor-widget elementor-widget-button\" data-id=\"c3da22a\" data-element_type=\"widget\" data-widget_type=\"button.default\">\n\t\t\t\t\t\t\t\t\t\t<a class=\"elementor-button elementor-button-link elementor-size-sm\" href=\"https:\/\/sitiosweburuguay.com\/genexa\/wp-content\/uploads\/2025\/10\/RG-LA-01-Solicitud-de-estudios-v06.xlsx\">\n\t\t\t\t\t\t<span class=\"elementor-button-content-wrapper\">\n\t\t\t\t\t\t<span class=\"elementor-button-icon\">\n\t\t\t\t<svg aria-hidden=\"true\" class=\"e-font-icon-svg e-far-arrow-alt-circle-down\" viewBox=\"0 0 512 512\" xmlns=\"http:\/\/www.w3.org\/2000\/svg\"><path d=\"M256 8C119 8 8 119 8 256s111 248 248 248 248-111 248-248S393 8 256 8zm0 448c-110.5 0-200-89.5-200-200S145.5 56 256 56s200 89.5 200 200-89.5 200-200 200zm-32-316v116h-67c-10.7 0-16 12.9-8.5 20.5l99 99c4.7 4.7 12.3 4.7 17 0l99-99c7.6-7.6 2.2-20.5-8.5-20.5h-67V140c0-6.6-5.4-12-12-12h-40c-6.6 0-12 5.4-12 12z\"><\/path><\/svg>\t\t\t<\/span>\n\t\t\t\t\t\t\t\t\t<span class=\"elementor-button-text\">RG-LA-01-Solicitud-de-estudios-Agro.xlsx<\/span>\n\t\t\t\t\t<\/span>\n\t\t\t\t\t<\/a>\n\t\t\t\t\t\t\t\t<\/div>\n\t\t\t\t<div class=\"elementor-element elementor-element-9de89f4 elementor-widget elementor-widget-button\" data-id=\"9de89f4\" data-element_type=\"widget\" data-widget_type=\"button.default\">\n\t\t\t\t\t\t\t\t\t\t<a class=\"elementor-button elementor-button-link elementor-size-sm\" href=\"https:\/\/sitiosweburuguay.com\/genexa\/contact\/#micontacto\">\n\t\t\t\t\t\t<span class=\"elementor-button-content-wrapper\">\n\t\t\t\t\t\t\t\t\t<span class=\"elementor-button-text\">Solicitar asesoramiento \/ presupuesto<\/span>\n\t\t\t\t\t<\/span>\n\t\t\t\t\t<\/a>\n\t\t\t\t\t\t\t\t<\/div>\n\t\t\t\t\t<\/div>\n\t\t\t\t<\/div>\n\t\t<div class=\"elementor-element elementor-element-4b1b43b e-con-full e-flex e-con e-parent\" data-id=\"4b1b43b\" data-element_type=\"container\">\n\t\t\t\t<div class=\"elementor-element elementor-element-64457d3 elementor-widget elementor-widget-html\" data-id=\"64457d3\" data-element_type=\"widget\" data-widget_type=\"html.default\">\n\t\t\t\t\t<footer class=\"site-footer\">\n  <div class=\"footer-container\">\n    \n    <!-- Columna Izquierda -->\n    <div class=\"footer-left\">\n      <img decoding=\"async\" src=\"https:\/\/sitiosweburuguay.com\/genexa\/wp-content\/uploads\/2025\/09\/logoBlanco.png\" alt=\"Genexa Logo\" class=\"footer-logo\">\n      <p class=\"footer-slogan\">ADN EVOLUTIVO<\/p>\n\n      <ul class=\"footer-contact\">\n        <li><i class=\"fas fa-envelope\"><\/i> info@genexa.com.uy<\/li>\n        <li><i class=\"fas fa-calendar-alt\"><\/i> Lunes a viernes de 9hs a 18hs<\/li>\n        <li class=\"footer-country\"><\/li>\n        <li><i class=\"fas fa-map-marker-alt\"><\/i><strong>Uruguay,<\/strong> Montevideo, Yaro 1234<\/li>\n        <li><i class=\"fas fa-phone\"><\/i> (598) 2418 0000 \/ 092 418 000<\/li>\n      <\/ul>\n    <\/div>\n\n    <!-- Columna Centro -->\n    <div class=\"footer-center\">\n      <div class=\"footer-buttons\">\n        <div class=\"footer-complaint\">\n          <p>Quejas o sugerencias<\/p>\n          <a href=\"https:\/\/sitiosweburuguay.com\/genexa\/contact\/#micontacto\" class=\"btn btn-light\">Click aqu\u00ed<\/a>\n        <\/div>\n      <\/div>\n    <\/div>\n\n    <!-- Columna Derecha -->\n    <div class=\"footer-right\">\n      <!-- Suscripci\u00f3n ahora arriba de las redes -->\n      <div class=\"footer-subscribe\">\n        <p>Si desea recibir informaci\u00f3n<\/p>\n        <a href=\"https:\/\/sitiosweburuguay.com\/genexa\/suscribase\/\" class=\"btn btn-blue\">Suscr\u00edbase aqu\u00ed<\/a>\n      <\/div>\n\n      <p>Seguinos en<\/p>\n      <div class=\"social-icons\">\n        <a href=\"https:\/\/wa.me\/59892418000\" target=\"_blank\" rel=\"noopener\"><i class=\"fab fa-whatsapp\"><\/i><\/a>\n        <!--<a href=\"#\"><i class=\"fab fa-youtube\"><\/i><\/a>-->\n        \n        <!-- X como imagen -->\n        <a href=\"https:\/\/x.com\/GenexaUruguay\/status\/1907164692356686088\" target=\"_blank\" rel=\"noopener\">\n          <img decoding=\"async\" src=\"https:\/\/upload.wikimedia.org\/wikipedia\/commons\/5\/53\/X_logo_2023_original.svg\" \n               alt=\"X (Twitter)\" class=\"social-x\">\n        <\/a>\n        \n        <a href=\"https:\/\/www.facebook.com\/genexa.adn\/\" target=\"_blank\"><i class=\"fab fa-facebook-f\"><\/i><\/a>\n        <a href=\"https:\/\/www.instagram.com\/genexa.adn\" target=\"_blank\"><i class=\"fab fa-instagram\"><\/i><\/a>\n        <a href=\"https:\/\/www.linkedin.com\/company\/genexa-adn-evolutivo\" target=\"_blank\"><i class=\"fab fa-linkedin-in\"><\/i><\/a>\n      <\/div>\n    <\/div>\n  <\/div>\n\n  <div class=\"footer-bottom\">\n    <p>Copyright \u00a9 2025 Genexa S.A., All Rights Reserved<\/p>\n  <\/div>\n<\/footer>\n\n<style>\n\/* ==========================\n   FOOTER\n========================== *\/\n.site-footer {\n  background: url('https:\/\/sitiosweburuguay.com\/genexa\/wp-content\/uploads\/2025\/09\/footer-scaled.jpg') no-repeat center center;\n  background-size: cover;\n  color: #fff;\n  font-family: 'Arial', sans-serif;\n  padding: 40px 20px 20px;\n}\n\n.footer-container {\n  display: flex;\n  flex-wrap: wrap;\n  justify-content: space-between;\n  align-items: flex-start;\n  gap: 30px;\n  max-width: 1200px;\n  margin: 0 auto;\n}\n\n\/* Columna izquierda *\/\n.footer-left {\n  flex: 1 1 250px;\n}\n.footer-logo {\n  width: 160px;\n}\n.footer-slogan {\n  margin: 5px 0 20px;\n  font-size: 14px;\n  letter-spacing: 2px;\n}\n.footer-contact {\n  list-style: none;\n  padding: 0;\n  margin: 0;\n}\n.footer-contact li {\n  margin: 8px 0;\n  font-size: 14px;\n}\n.footer-contact i {\n  margin-right: 8px;\n  color: #fff;\n}\n.footer-country {\n  margin-top: 15px;\n}\n\n\/* Columna centro *\/\n.footer-center {\n  flex: 1 1 250px;\n  text-align: center;\n}\n.footer-buttons {\n  display: flex;\n  flex-direction: column;\n  gap: 20px;\n}\n.footer-complaint p {\n  margin-bottom: 8px;\n  font-size: 14px;\n  color:#fff;\n}\n\n\/* Botones *\/\n.btn {\n  display: inline-block;\n  padding: 10px 20px;\n  border-radius: 30px;\n  text-decoration: none;\n  font-weight: bold;\n}\n.btn-blue {\n  background-color: #07246D;\n  color: #fff;\n}\n.btn-light {\n  background-color: #e0f7fa;\n  color: #000;\n}\n\n\/* Columna derecha *\/\n.footer-right {\n  flex: 1 1 250px;\n  text-align: center;\n}\n.footer-right p {\n  margin-bottom: 15px;\n  font-size: 14px;\n  color: #fff;\n}\n\n\/* Suscripci\u00f3n *\/\n.footer-subscribe {\n  margin-bottom: 20px;\n}\n.footer-subscribe p {\n  margin-bottom: 8px;\n  font-size: 14px;\n  color: #fff;\n}\n\n\/* Redes sociales *\/\n.social-icons {\n  display: flex;\n  justify-content: center;\n  gap: 12px;\n}\n.social-icons a {\n  display: flex;\n  justify-content: center;\n  align-items: center;\n  width: 42px;\n  height: 42px;\n  background: #07246D;\n  color: #fff;\n  font-size: 20px;\n  border-radius: 50%;\n  text-align: center;\n  transition: 0.3s;\n}\n.social-icons a:hover {\n  background: #1976d2;\n}\n\n\/* Bottom *\/\n.footer-bottom {\n  text-align: center;\n  margin-top: 30px;\n  font-size: 14px;\n  color: #fff;\n}\n\n\/* Responsive *\/\n@media (max-width: 768px) {\n  .footer-container {\n    flex-direction: column;\n    align-items: center;\n    text-align: center;\n  }\n  .footer-left, .footer-center, .footer-right {\n    flex: 1 1 100%;\n  }\n}\n\n.social-icons img.social-x {\n  width: 20px;\n  height: 20px;\n  filter: brightness(0) invert(1);\n  display: inline-block;\n  vertical-align: middle;\n}\n<\/style>\n\r\n\t\t\t\t<\/div>\n\t\t\t\t<\/div>\n\t\t\t\t<\/div>\n\t\t","protected":false},"excerpt":{"rendered":"<p>Introducci\u00f3n. \u00a0 La Enfermedad de Pompe o Pompe&#8217;s disease para la literatura internacional, es una enfermedad metab\u00f3lica de origen gen\u00e9tico, que afecta algunos mam\u00edferos, entre ellos a bovinos de las [&hellip;]<\/p>\n","protected":false},"author":1,"featured_media":0,"parent":0,"menu_order":0,"comment_status":"closed","ping_status":"closed","template":"tpl-default-elementor.php","meta":{"footnotes":""},"class_list":["post-2024","page","type-page","status-publish","hentry"],"_links":{"self":[{"href":"https:\/\/sitiosweburuguay.com\/genexa\/wp-json\/wp\/v2\/pages\/2024","targetHints":{"allow":["GET"]}}],"collection":[{"href":"https:\/\/sitiosweburuguay.com\/genexa\/wp-json\/wp\/v2\/pages"}],"about":[{"href":"https:\/\/sitiosweburuguay.com\/genexa\/wp-json\/wp\/v2\/types\/page"}],"author":[{"embeddable":true,"href":"https:\/\/sitiosweburuguay.com\/genexa\/wp-json\/wp\/v2\/users\/1"}],"replies":[{"embeddable":true,"href":"https:\/\/sitiosweburuguay.com\/genexa\/wp-json\/wp\/v2\/comments?post=2024"}],"version-history":[{"count":13,"href":"https:\/\/sitiosweburuguay.com\/genexa\/wp-json\/wp\/v2\/pages\/2024\/revisions"}],"predecessor-version":[{"id":3927,"href":"https:\/\/sitiosweburuguay.com\/genexa\/wp-json\/wp\/v2\/pages\/2024\/revisions\/3927"}],"wp:attachment":[{"href":"https:\/\/sitiosweburuguay.com\/genexa\/wp-json\/wp\/v2\/media?parent=2024"}],"curies":[{"name":"wp","href":"https:\/\/api.w.org\/{rel}","templated":true}]}}