{"id":1848,"date":"2025-09-15T18:36:49","date_gmt":"2025-09-15T18:36:49","guid":{"rendered":"https:\/\/sitiosweburuguay.com\/genexa\/?page_id=1848"},"modified":"2025-12-05T17:52:29","modified_gmt":"2025-12-05T17:52:29","slug":"trigo","status":"publish","type":"page","link":"https:\/\/sitiosweburuguay.com\/genexa\/trigo\/","title":{"rendered":"Trigo"},"content":{"rendered":"\t\t<div data-elementor-type=\"wp-page\" data-elementor-id=\"1848\" class=\"elementor elementor-1848\">\n\t\t\t\t<div class=\"elementor-element elementor-element-365cd83 e-flex e-con-boxed e-con e-parent\" data-id=\"365cd83\" data-element_type=\"container\">\n\t\t\t\t\t<div class=\"e-con-inner\">\n\t\t\t\t<div class=\"elementor-element elementor-element-d379366 elementor-widget elementor-widget-spacer\" data-id=\"d379366\" data-element_type=\"widget\" data-widget_type=\"spacer.default\">\n\t\t\t\t\t\t\t<div class=\"elementor-spacer\">\n\t\t\t<div class=\"elementor-spacer-inner\"><\/div>\n\t\t<\/div>\n\t\t\t\t\t\t<\/div>\n\t\t\t\t\t<\/div>\n\t\t\t\t<\/div>\n\t\t<div class=\"elementor-element elementor-element-d61bd53 e-flex e-con-boxed e-con e-parent\" data-id=\"d61bd53\" data-element_type=\"container\">\n\t\t\t\t\t<div class=\"e-con-inner\">\n\t\t\t\t<div class=\"elementor-element elementor-element-55828ce elementor-widget elementor-widget-text-editor\" data-id=\"55828ce\" data-element_type=\"widget\" data-widget_type=\"text-editor.default\">\n\t\t\t\t\t\t\t\t\t<article class=\"intro-servicio Animal\"><article class=\"intro-servicio Vegetal\"><p>Ofrecemos soluciones personalizadas en la identificaci\u00f3n clonal o varietal de cultivares (por ADN). Realizamos an\u00e1lisis de pureza varietal , determinaci\u00f3n de mezclas con tecnolog\u00eda de \u00faltima generaci\u00f3n y la detecci\u00f3n cuantitava de eventos transg\u00e9nicos. Trabajamos con cebada, soja, trigo, cannabis, arroz y eucalyptus.<\/p><\/article><\/article>\t\t\t\t\t\t\t\t<\/div>\n\t\t\t\t\t<\/div>\n\t\t\t\t<\/div>\n\t\t<div class=\"elementor-element elementor-element-634517a e-grid e-con-boxed e-con e-parent\" data-id=\"634517a\" data-element_type=\"container\">\n\t\t\t\t\t<div class=\"e-con-inner\">\n\t\t\t\t<div class=\"elementor-element elementor-element-622bfc1 elementor-widget elementor-widget-image\" data-id=\"622bfc1\" data-element_type=\"widget\" data-widget_type=\"image.default\">\n\t\t\t\t\t\t\t\t\t\t\t\t\t\t\t<img fetchpriority=\"high\" decoding=\"async\" width=\"400\" height=\"300\" src=\"https:\/\/sitiosweburuguay.com\/genexa\/wp-content\/uploads\/2025\/09\/26.png\" class=\"attachment-full size-full wp-image-1851\" alt=\"\" srcset=\"https:\/\/sitiosweburuguay.com\/genexa\/wp-content\/uploads\/2025\/09\/26.png 400w, https:\/\/sitiosweburuguay.com\/genexa\/wp-content\/uploads\/2025\/09\/26-300x225.png 300w\" sizes=\"(max-width: 400px) 100vw, 400px\" \/>\t\t\t\t\t\t\t\t\t\t\t\t\t\t\t<\/div>\n\t\t\t\t<div class=\"elementor-element elementor-element-62a496b elementor-widget elementor-widget-text-editor\" data-id=\"62a496b\" data-element_type=\"widget\" data-widget_type=\"text-editor.default\">\n\t\t\t\t\t\t\t\t\t<h3>Identificaci\u00f3n de variedad de trigo<\/h3><p>La identificaci\u00f3n varietal del trigo mediante la tipificaci\u00f3n de ADN, es una<br \/>herramienta r\u00e1pida, precisa y necesaria para identificar la variedad a la que corresponde<br \/>la semilla o la espiga as\u00ed como para mantener la trazabilidad en toda la cadena productiva.<\/p>\t\t\t\t\t\t\t\t<\/div>\n\t\t<div class=\"elementor-element elementor-element-b587add e-con-full e-flex e-con e-child\" data-id=\"b587add\" data-element_type=\"container\">\n\t\t\t\t<div class=\"elementor-element elementor-element-7c0ffb2 elementor-widget elementor-widget-button\" data-id=\"7c0ffb2\" data-element_type=\"widget\" data-widget_type=\"button.default\">\n\t\t\t\t\t\t\t\t\t\t<a class=\"elementor-button elementor-button-link elementor-size-sm\" href=\"https:\/\/sitiosweburuguay.com\/genexa\/identificacion-de-variedad-de-trigo\">\n\t\t\t\t\t\t<span class=\"elementor-button-content-wrapper\">\n\t\t\t\t\t\t\t\t\t<span class=\"elementor-button-text\">Leer m\u00e1s<\/span>\n\t\t\t\t\t<\/span>\n\t\t\t\t\t<\/a>\n\t\t\t\t\t\t\t\t<\/div>\n\t\t\t\t<div class=\"elementor-element elementor-element-a67684d elementor-widget elementor-widget-button\" data-id=\"a67684d\" data-element_type=\"widget\" data-widget_type=\"button.default\">\n\t\t\t\t\t\t\t\t\t\t<a class=\"elementor-button elementor-button-link elementor-size-sm\" href=\"https:\/\/sitiosweburuguay.com\/genexa\/contact\/#micontacto\">\n\t\t\t\t\t\t<span class=\"elementor-button-content-wrapper\">\n\t\t\t\t\t\t\t\t\t<span class=\"elementor-button-text\">Solicitar asesoramiento \/ presupuesto<\/span>\n\t\t\t\t\t<\/span>\n\t\t\t\t\t<\/a>\n\t\t\t\t\t\t\t\t<\/div>\n\t\t\t\t<\/div>\n\t\t\t\t\t<\/div>\n\t\t\t\t<\/div>\n\t\t<div class=\"elementor-element elementor-element-5e17c93 e-grid e-con-boxed e-con e-parent\" data-id=\"5e17c93\" data-element_type=\"container\" data-settings=\"{&quot;background_background&quot;:&quot;classic&quot;}\">\n\t\t\t\t\t<div class=\"e-con-inner\">\n\t\t\t\t<div class=\"elementor-element elementor-element-67f0026 elementor-widget elementor-widget-image\" data-id=\"67f0026\" data-element_type=\"widget\" data-widget_type=\"image.default\">\n\t\t\t\t\t\t\t\t\t\t\t\t\t\t\t<img decoding=\"async\" width=\"400\" height=\"300\" src=\"https:\/\/sitiosweburuguay.com\/genexa\/wp-content\/uploads\/2025\/09\/7-2.png\" class=\"attachment-large size-large wp-image-1731\" alt=\"\" srcset=\"https:\/\/sitiosweburuguay.com\/genexa\/wp-content\/uploads\/2025\/09\/7-2.png 400w, https:\/\/sitiosweburuguay.com\/genexa\/wp-content\/uploads\/2025\/09\/7-2-300x225.png 300w\" sizes=\"(max-width: 400px) 100vw, 400px\" \/>\t\t\t\t\t\t\t\t\t\t\t\t\t\t\t<\/div>\n\t\t\t\t<div class=\"elementor-element elementor-element-6aacbb4 elementor-widget elementor-widget-text-editor\" data-id=\"6aacbb4\" data-element_type=\"widget\" data-widget_type=\"text-editor.default\">\n\t\t\t\t\t\t\t\t\t<h3>Array Trigo<\/h3><p>Aplicaci\u00f3n:<br \/><br \/>&#8211; Investigaci\u00f3n.<br \/>&#8211; Mejoramiento.<br \/>&#8211; Generaci\u00f3n de base de datos.<\/p>\t\t\t\t\t\t\t\t<\/div>\n\t\t<div class=\"elementor-element elementor-element-6884e84 e-con-full e-flex e-con e-child\" data-id=\"6884e84\" data-element_type=\"container\">\n\t\t\t\t<div class=\"elementor-element elementor-element-a227964 elementor-widget elementor-widget-button\" data-id=\"a227964\" data-element_type=\"widget\" data-widget_type=\"button.default\">\n\t\t\t\t\t\t\t\t\t\t<a class=\"elementor-button elementor-button-link elementor-size-sm\" href=\"https:\/\/sitiosweburuguay.com\/genexa\/array-trigo\">\n\t\t\t\t\t\t<span class=\"elementor-button-content-wrapper\">\n\t\t\t\t\t\t\t\t\t<span class=\"elementor-button-text\">Leer m\u00e1s<\/span>\n\t\t\t\t\t<\/span>\n\t\t\t\t\t<\/a>\n\t\t\t\t\t\t\t\t<\/div>\n\t\t\t\t<div class=\"elementor-element elementor-element-c3cdc01 elementor-widget elementor-widget-button\" data-id=\"c3cdc01\" data-element_type=\"widget\" data-widget_type=\"button.default\">\n\t\t\t\t\t\t\t\t\t\t<a class=\"elementor-button elementor-button-link elementor-size-sm\" href=\"https:\/\/sitiosweburuguay.com\/genexa\/contact\/#micontacto\">\n\t\t\t\t\t\t<span class=\"elementor-button-content-wrapper\">\n\t\t\t\t\t\t\t\t\t<span class=\"elementor-button-text\">Solicitar asesoramiento \/ presupuesto<\/span>\n\t\t\t\t\t<\/span>\n\t\t\t\t\t<\/a>\n\t\t\t\t\t\t\t\t<\/div>\n\t\t\t\t<\/div>\n\t\t\t\t\t<\/div>\n\t\t\t\t<\/div>\n\t\t<div class=\"elementor-element elementor-element-faebb7a e-flex e-con-boxed e-con e-parent\" data-id=\"faebb7a\" data-element_type=\"container\">\n\t\t\t\t\t<div class=\"e-con-inner\">\n\t\t\t\t<div class=\"elementor-element elementor-element-d196568 elementor-widget elementor-widget-spacer\" data-id=\"d196568\" data-element_type=\"widget\" data-widget_type=\"spacer.default\">\n\t\t\t\t\t\t\t<div class=\"elementor-spacer\">\n\t\t\t<div class=\"elementor-spacer-inner\"><\/div>\n\t\t<\/div>\n\t\t\t\t\t\t<\/div>\n\t\t\t\t\t<\/div>\n\t\t\t\t<\/div>\n\t\t<div class=\"elementor-element elementor-element-4b1b43b e-con-full e-flex e-con e-parent\" data-id=\"4b1b43b\" data-element_type=\"container\">\n\t\t\t\t<div class=\"elementor-element elementor-element-64457d3 elementor-widget elementor-widget-html\" data-id=\"64457d3\" data-element_type=\"widget\" data-widget_type=\"html.default\">\n\t\t\t\t\t<footer class=\"site-footer\">\n  <div class=\"footer-container\">\n    \n    <!-- Columna Izquierda -->\n    <div class=\"footer-left\">\n      <img decoding=\"async\" src=\"https:\/\/sitiosweburuguay.com\/genexa\/wp-content\/uploads\/2025\/09\/logoBlanco.png\" alt=\"Genexa Logo\" class=\"footer-logo\">\n      <p class=\"footer-slogan\">ADN EVOLUTIVO<\/p>\n\n      <ul class=\"footer-contact\">\n        <li><i class=\"fas fa-envelope\"><\/i> info@genexa.com.uy<\/li>\n        <li><i class=\"fas fa-calendar-alt\"><\/i> Lunes a viernes de 9hs a 18hs<\/li>\n        <li class=\"footer-country\"><\/li>\n        <li><i class=\"fas fa-map-marker-alt\"><\/i><strong>Uruguay,<\/strong> Montevideo, Yaro 1234<\/li>\n        <li><i class=\"fas fa-phone\"><\/i> (598) 2418 0000 \/ 092 418 000<\/li>\n      <\/ul>\n    <\/div>\n\n    <!-- Columna Centro -->\n    <div class=\"footer-center\">\n      <div class=\"footer-buttons\">\n        <div class=\"footer-complaint\">\n          <p>Quejas o sugerencias<\/p>\n          <a href=\"https:\/\/sitiosweburuguay.com\/genexa\/contact\/#micontacto\" class=\"btn btn-light\">Click aqu\u00ed<\/a>\n        <\/div>\n      <\/div>\n    <\/div>\n\n    <!-- Columna Derecha -->\n    <div class=\"footer-right\">\n      <!-- Suscripci\u00f3n ahora arriba de las redes -->\n      <div class=\"footer-subscribe\">\n        <p>Si desea recibir informaci\u00f3n<\/p>\n        <a href=\"https:\/\/sitiosweburuguay.com\/genexa\/suscribase\/\" class=\"btn btn-blue\">Suscr\u00edbase aqu\u00ed<\/a>\n      <\/div>\n\n      <p>Seguinos en<\/p>\n      <div class=\"social-icons\">\n        <a href=\"https:\/\/wa.me\/59892418000\" target=\"_blank\" rel=\"noopener\"><i class=\"fab fa-whatsapp\"><\/i><\/a>\n        <!--<a href=\"#\"><i class=\"fab fa-youtube\"><\/i><\/a>-->\n        \n        <!-- X como imagen -->\n        <a href=\"https:\/\/x.com\/GenexaUruguay\/status\/1907164692356686088\" target=\"_blank\" rel=\"noopener\">\n          <img decoding=\"async\" src=\"https:\/\/upload.wikimedia.org\/wikipedia\/commons\/5\/53\/X_logo_2023_original.svg\" \n               alt=\"X (Twitter)\" class=\"social-x\">\n        <\/a>\n        \n        <a href=\"https:\/\/www.facebook.com\/genexa.adn\/\" target=\"_blank\"><i class=\"fab fa-facebook-f\"><\/i><\/a>\n        <a href=\"https:\/\/www.instagram.com\/genexa.adn\" target=\"_blank\"><i class=\"fab fa-instagram\"><\/i><\/a>\n        <a href=\"https:\/\/www.linkedin.com\/company\/genexa-adn-evolutivo\" target=\"_blank\"><i class=\"fab fa-linkedin-in\"><\/i><\/a>\n      <\/div>\n    <\/div>\n  <\/div>\n\n  <div class=\"footer-bottom\">\n    <p>Copyright \u00a9 2025 Genexa S.A., All Rights Reserved<\/p>\n  <\/div>\n<\/footer>\n\n<style>\n\/* ==========================\n   FOOTER\n========================== *\/\n.site-footer {\n  background: url('https:\/\/sitiosweburuguay.com\/genexa\/wp-content\/uploads\/2025\/09\/footer-scaled.jpg') no-repeat center center;\n  background-size: cover;\n  color: #fff;\n  font-family: 'Arial', sans-serif;\n  padding: 40px 20px 20px;\n}\n\n.footer-container {\n  display: flex;\n  flex-wrap: wrap;\n  justify-content: space-between;\n  align-items: flex-start;\n  gap: 30px;\n  max-width: 1200px;\n  margin: 0 auto;\n}\n\n\/* Columna izquierda *\/\n.footer-left {\n  flex: 1 1 250px;\n}\n.footer-logo {\n  width: 160px;\n}\n.footer-slogan {\n  margin: 5px 0 20px;\n  font-size: 14px;\n  letter-spacing: 2px;\n}\n.footer-contact {\n  list-style: none;\n  padding: 0;\n  margin: 0;\n}\n.footer-contact li {\n  margin: 8px 0;\n  font-size: 14px;\n}\n.footer-contact i {\n  margin-right: 8px;\n  color: #fff;\n}\n.footer-country {\n  margin-top: 15px;\n}\n\n\/* Columna centro *\/\n.footer-center {\n  flex: 1 1 250px;\n  text-align: center;\n}\n.footer-buttons {\n  display: flex;\n  flex-direction: column;\n  gap: 20px;\n}\n.footer-complaint p {\n  margin-bottom: 8px;\n  font-size: 14px;\n  color:#fff;\n}\n\n\/* Botones *\/\n.btn {\n  display: inline-block;\n  padding: 10px 20px;\n  border-radius: 30px;\n  text-decoration: none;\n  font-weight: bold;\n}\n.btn-blue {\n  background-color: #07246D;\n  color: #fff;\n}\n.btn-light {\n  background-color: #e0f7fa;\n  color: #000;\n}\n\n\/* Columna derecha *\/\n.footer-right {\n  flex: 1 1 250px;\n  text-align: center;\n}\n.footer-right p {\n  margin-bottom: 15px;\n  font-size: 14px;\n  color: #fff;\n}\n\n\/* Suscripci\u00f3n *\/\n.footer-subscribe {\n  margin-bottom: 20px;\n}\n.footer-subscribe p {\n  margin-bottom: 8px;\n  font-size: 14px;\n  color: #fff;\n}\n\n\/* Redes sociales *\/\n.social-icons {\n  display: flex;\n  justify-content: center;\n  gap: 12px;\n}\n.social-icons a {\n  display: flex;\n  justify-content: center;\n  align-items: center;\n  width: 42px;\n  height: 42px;\n  background: #07246D;\n  color: #fff;\n  font-size: 20px;\n  border-radius: 50%;\n  text-align: center;\n  transition: 0.3s;\n}\n.social-icons a:hover {\n  background: #1976d2;\n}\n\n\/* Bottom *\/\n.footer-bottom {\n  text-align: center;\n  margin-top: 30px;\n  font-size: 14px;\n  color: #fff;\n}\n\n\/* Responsive *\/\n@media (max-width: 768px) {\n  .footer-container {\n    flex-direction: column;\n    align-items: center;\n    text-align: center;\n  }\n  .footer-left, .footer-center, .footer-right {\n    flex: 1 1 100%;\n  }\n}\n\n.social-icons img.social-x {\n  width: 20px;\n  height: 20px;\n  filter: brightness(0) invert(1);\n  display: inline-block;\n  vertical-align: middle;\n}\n<\/style>\n\r\n\t\t\t\t<\/div>\n\t\t\t\t<\/div>\n\t\t\t\t<\/div>\n\t\t","protected":false},"excerpt":{"rendered":"<p>Ofrecemos soluciones personalizadas en la identificaci\u00f3n clonal o varietal de cultivares (por ADN). Realizamos an\u00e1lisis de pureza varietal , determinaci\u00f3n de mezclas con tecnolog\u00eda de \u00faltima generaci\u00f3n y la detecci\u00f3n [&hellip;]<\/p>\n","protected":false},"author":1,"featured_media":0,"parent":0,"menu_order":0,"comment_status":"closed","ping_status":"closed","template":"tpl-default-elementor.php","meta":{"footnotes":""},"class_list":["post-1848","page","type-page","status-publish","hentry"],"_links":{"self":[{"href":"https:\/\/sitiosweburuguay.com\/genexa\/wp-json\/wp\/v2\/pages\/1848","targetHints":{"allow":["GET"]}}],"collection":[{"href":"https:\/\/sitiosweburuguay.com\/genexa\/wp-json\/wp\/v2\/pages"}],"about":[{"href":"https:\/\/sitiosweburuguay.com\/genexa\/wp-json\/wp\/v2\/types\/page"}],"author":[{"embeddable":true,"href":"https:\/\/sitiosweburuguay.com\/genexa\/wp-json\/wp\/v2\/users\/1"}],"replies":[{"embeddable":true,"href":"https:\/\/sitiosweburuguay.com\/genexa\/wp-json\/wp\/v2\/comments?post=1848"}],"version-history":[{"count":22,"href":"https:\/\/sitiosweburuguay.com\/genexa\/wp-json\/wp\/v2\/pages\/1848\/revisions"}],"predecessor-version":[{"id":3181,"href":"https:\/\/sitiosweburuguay.com\/genexa\/wp-json\/wp\/v2\/pages\/1848\/revisions\/3181"}],"wp:attachment":[{"href":"https:\/\/sitiosweburuguay.com\/genexa\/wp-json\/wp\/v2\/media?parent=1848"}],"curies":[{"name":"wp","href":"https:\/\/api.w.org\/{rel}","templated":true}]}}