{"id":1746,"date":"2025-09-15T16:04:42","date_gmt":"2025-09-15T16:04:42","guid":{"rendered":"https:\/\/sitiosweburuguay.com\/genexa\/?page_id=1746"},"modified":"2025-12-17T18:41:02","modified_gmt":"2025-12-17T18:41:02","slug":"equinos","status":"publish","type":"page","link":"https:\/\/sitiosweburuguay.com\/genexa\/equinos\/","title":{"rendered":"Equinos"},"content":{"rendered":"\t\t<div data-elementor-type=\"wp-page\" data-elementor-id=\"1746\" class=\"elementor elementor-1746\">\n\t\t\t\t<div class=\"elementor-element elementor-element-365cd83 e-flex e-con-boxed e-con e-parent\" data-id=\"365cd83\" data-element_type=\"container\">\n\t\t\t\t\t<div class=\"e-con-inner\">\n\t\t\t\t<div class=\"elementor-element elementor-element-d379366 elementor-widget elementor-widget-spacer\" data-id=\"d379366\" data-element_type=\"widget\" data-widget_type=\"spacer.default\">\n\t\t\t\t\t\t\t<div class=\"elementor-spacer\">\n\t\t\t<div class=\"elementor-spacer-inner\"><\/div>\n\t\t<\/div>\n\t\t\t\t\t\t<\/div>\n\t\t\t\t\t<\/div>\n\t\t\t\t<\/div>\n\t\t<div class=\"elementor-element elementor-element-44a3306 e-flex e-con-boxed e-con e-parent\" data-id=\"44a3306\" data-element_type=\"container\">\n\t\t\t\t\t<div class=\"e-con-inner\">\n\t\t\t\t<div class=\"elementor-element elementor-element-ea33fbd elementor-widget elementor-widget-text-editor\" data-id=\"ea33fbd\" data-element_type=\"widget\" data-widget_type=\"text-editor.default\">\n\t\t\t\t\t\t\t\t\t<article class=\"intro-servicio Animal\"><p>Nos especializamos en la identificaci\u00f3n animal por ADN, la detecci\u00f3n de pat\u00f3genos, el an\u00e1lisis de marcadores moleculares asociado a caracter\u00edsticas de inter\u00e9s del sector, el desarrollo de nuevos productos, y al genotipado de baja, mediana y alta densidad.<\/p><\/article>\t\t\t\t\t\t\t\t<\/div>\n\t\t\t\t\t<\/div>\n\t\t\t\t<\/div>\n\t\t<div class=\"elementor-element elementor-element-634517a e-grid e-con-boxed e-con e-parent\" data-id=\"634517a\" data-element_type=\"container\">\n\t\t\t\t\t<div class=\"e-con-inner\">\n\t\t\t\t<div class=\"elementor-element elementor-element-622bfc1 elementor-widget elementor-widget-image\" data-id=\"622bfc1\" data-element_type=\"widget\" data-widget_type=\"image.default\">\n\t\t\t\t\t\t\t\t\t\t\t\t\t\t\t<img fetchpriority=\"high\" decoding=\"async\" width=\"400\" height=\"300\" src=\"https:\/\/sitiosweburuguay.com\/genexa\/wp-content\/uploads\/2025\/09\/8.png\" class=\"attachment-full size-full wp-image-1749\" alt=\"\" srcset=\"https:\/\/sitiosweburuguay.com\/genexa\/wp-content\/uploads\/2025\/09\/8.png 400w, https:\/\/sitiosweburuguay.com\/genexa\/wp-content\/uploads\/2025\/09\/8-300x225.png 300w\" sizes=\"(max-width: 400px) 100vw, 400px\" \/>\t\t\t\t\t\t\t\t\t\t\t\t\t\t\t<\/div>\n\t\t\t\t<div class=\"elementor-element elementor-element-62a496b elementor-widget elementor-widget-text-editor\" data-id=\"62a496b\" data-element_type=\"widget\" data-widget_type=\"text-editor.default\">\n\t\t\t\t\t\t\t\t\t<h3>Filiaci\u00f3n en equinos<\/h3><p>Identificaci\u00f3n gen\u00e9tica individual y an\u00e1lisis de parentesco en equinos de todas las razas por ADN a trav\u00e9s de marcadores microsat\u00e9lites. Herramienta utilizada para resoluci\u00f3n de casos de abigeato y trazabilidad individual.<\/p>\t\t\t\t\t\t\t\t<\/div>\n\t\t<div class=\"elementor-element elementor-element-06eb363 e-con-full e-flex e-con e-child\" data-id=\"06eb363\" data-element_type=\"container\">\n\t\t\t\t<div class=\"elementor-element elementor-element-84dc480 elementor-widget elementor-widget-button\" data-id=\"84dc480\" data-element_type=\"widget\" data-widget_type=\"button.default\">\n\t\t\t\t\t\t\t\t\t\t<a class=\"elementor-button elementor-button-link elementor-size-sm\" href=\"https:\/\/sitiosweburuguay.com\/genexa\/filiacion-equinos\/\">\n\t\t\t\t\t\t<span class=\"elementor-button-content-wrapper\">\n\t\t\t\t\t\t\t\t\t<span class=\"elementor-button-text\">Leer m\u00e1s<\/span>\n\t\t\t\t\t<\/span>\n\t\t\t\t\t<\/a>\n\t\t\t\t\t\t\t\t<\/div>\n\t\t\t\t<div class=\"elementor-element elementor-element-92fa182 elementor-widget elementor-widget-button\" data-id=\"92fa182\" data-element_type=\"widget\" data-widget_type=\"button.default\">\n\t\t\t\t\t\t\t\t\t\t<a class=\"elementor-button elementor-button-link elementor-size-sm\" href=\"https:\/\/sitiosweburuguay.com\/genexa\/contact\/#micontacto\">\n\t\t\t\t\t\t<span class=\"elementor-button-content-wrapper\">\n\t\t\t\t\t\t\t\t\t<span class=\"elementor-button-text\">Solicitar asesoramiento \/ presupuesto<\/span>\n\t\t\t\t\t<\/span>\n\t\t\t\t\t<\/a>\n\t\t\t\t\t\t\t\t<\/div>\n\t\t\t\t<\/div>\n\t\t\t\t\t<\/div>\n\t\t\t\t<\/div>\n\t\t<div class=\"elementor-element elementor-element-5e17c93 e-grid e-con-boxed e-con e-parent\" data-id=\"5e17c93\" data-element_type=\"container\" data-settings=\"{&quot;background_background&quot;:&quot;classic&quot;}\">\n\t\t\t\t\t<div class=\"e-con-inner\">\n\t\t\t\t<div class=\"elementor-element elementor-element-67f0026 elementor-widget elementor-widget-image\" data-id=\"67f0026\" data-element_type=\"widget\" data-widget_type=\"image.default\">\n\t\t\t\t\t\t\t\t\t\t\t\t\t\t\t<img decoding=\"async\" width=\"400\" height=\"300\" src=\"https:\/\/sitiosweburuguay.com\/genexa\/wp-content\/uploads\/2025\/09\/9.png\" class=\"attachment-large size-large wp-image-1750\" alt=\"\" srcset=\"https:\/\/sitiosweburuguay.com\/genexa\/wp-content\/uploads\/2025\/09\/9.png 400w, https:\/\/sitiosweburuguay.com\/genexa\/wp-content\/uploads\/2025\/09\/9-300x225.png 300w\" sizes=\"(max-width: 400px) 100vw, 400px\" \/>\t\t\t\t\t\t\t\t\t\t\t\t\t\t\t<\/div>\n\t\t\t\t<div class=\"elementor-element elementor-element-6aacbb4 elementor-widget elementor-widget-text-editor\" data-id=\"6aacbb4\" data-element_type=\"widget\" data-widget_type=\"text-editor.default\">\n\t\t\t\t\t\t\t\t\t<h3>Sanidad Animal<\/h3><p>&#8211; Influenza Equina (H7N7 y H3N8)<br \/>&#8211; Toxoplasmosis.<br \/>&#8211; Neospora.<\/p>\t\t\t\t\t\t\t\t<\/div>\n\t\t<div class=\"elementor-element elementor-element-0d58268 e-con-full e-flex e-con e-child\" data-id=\"0d58268\" data-element_type=\"container\">\n\t\t\t\t<div class=\"elementor-element elementor-element-256f97f elementor-widget elementor-widget-button\" data-id=\"256f97f\" data-element_type=\"widget\" data-widget_type=\"button.default\">\n\t\t\t\t\t\t\t\t\t\t<a class=\"elementor-button elementor-button-link elementor-size-sm\" href=\"https:\/\/sitiosweburuguay.com\/genexa\/sanidad-animal-equinos\/\">\n\t\t\t\t\t\t<span class=\"elementor-button-content-wrapper\">\n\t\t\t\t\t\t\t\t\t<span class=\"elementor-button-text\">Leer m\u00e1s<\/span>\n\t\t\t\t\t<\/span>\n\t\t\t\t\t<\/a>\n\t\t\t\t\t\t\t\t<\/div>\n\t\t\t\t<div class=\"elementor-element elementor-element-6ecaf68 elementor-widget elementor-widget-button\" data-id=\"6ecaf68\" data-element_type=\"widget\" data-widget_type=\"button.default\">\n\t\t\t\t\t\t\t\t\t\t<a class=\"elementor-button elementor-button-link elementor-size-sm\" href=\"https:\/\/sitiosweburuguay.com\/genexa\/contact\/#micontacto\">\n\t\t\t\t\t\t<span class=\"elementor-button-content-wrapper\">\n\t\t\t\t\t\t\t\t\t<span class=\"elementor-button-text\">Solicitar asesoramiento \/ presupuesto<\/span>\n\t\t\t\t\t<\/span>\n\t\t\t\t\t<\/a>\n\t\t\t\t\t\t\t\t<\/div>\n\t\t\t\t<\/div>\n\t\t\t\t\t<\/div>\n\t\t\t\t<\/div>\n\t\t<div class=\"elementor-element elementor-element-2a6c1a9 e-grid e-con-boxed e-con e-parent\" data-id=\"2a6c1a9\" data-element_type=\"container\">\n\t\t\t\t\t<div class=\"e-con-inner\">\n\t\t\t\t<div class=\"elementor-element elementor-element-677db7a elementor-widget elementor-widget-image\" data-id=\"677db7a\" data-element_type=\"widget\" data-widget_type=\"image.default\">\n\t\t\t\t\t\t\t\t\t\t\t\t\t\t\t<img decoding=\"async\" width=\"400\" height=\"300\" src=\"https:\/\/sitiosweburuguay.com\/genexa\/wp-content\/uploads\/2025\/09\/10.png\" class=\"attachment-large size-large wp-image-1754\" alt=\"\" srcset=\"https:\/\/sitiosweburuguay.com\/genexa\/wp-content\/uploads\/2025\/09\/10.png 400w, https:\/\/sitiosweburuguay.com\/genexa\/wp-content\/uploads\/2025\/09\/10-300x225.png 300w\" sizes=\"(max-width: 400px) 100vw, 400px\" \/>\t\t\t\t\t\t\t\t\t\t\t\t\t\t\t<\/div>\n\t\t\t\t<div class=\"elementor-element elementor-element-9f9623c elementor-widget elementor-widget-text-editor\" data-id=\"9f9623c\" data-element_type=\"widget\" data-widget_type=\"text-editor.default\">\n\t\t\t\t\t\t\t\t\t<h3>Pura Sangre<\/h3><p>Detecci\u00f3n de marcadores asociados a la velocidad<\/p>\t\t\t\t\t\t\t\t<\/div>\n\t\t<div class=\"elementor-element elementor-element-6c8c3b1 e-con-full e-flex e-con e-child\" data-id=\"6c8c3b1\" data-element_type=\"container\">\n\t\t\t\t<div class=\"elementor-element elementor-element-9a3da71 elementor-widget elementor-widget-button\" data-id=\"9a3da71\" data-element_type=\"widget\" data-widget_type=\"button.default\">\n\t\t\t\t\t\t\t\t\t\t<a class=\"elementor-button elementor-button-link elementor-size-sm\" href=\"https:\/\/sitiosweburuguay.com\/genexa\/pura-sangre\/\">\n\t\t\t\t\t\t<span class=\"elementor-button-content-wrapper\">\n\t\t\t\t\t\t\t\t\t<span class=\"elementor-button-text\">Leer m\u00e1s<\/span>\n\t\t\t\t\t<\/span>\n\t\t\t\t\t<\/a>\n\t\t\t\t\t\t\t\t<\/div>\n\t\t\t\t<div class=\"elementor-element elementor-element-6b26b13 elementor-widget elementor-widget-button\" data-id=\"6b26b13\" data-element_type=\"widget\" data-widget_type=\"button.default\">\n\t\t\t\t\t\t\t\t\t\t<a class=\"elementor-button elementor-button-link elementor-size-sm\" href=\"https:\/\/sitiosweburuguay.com\/genexa\/contact\/#micontacto\">\n\t\t\t\t\t\t<span class=\"elementor-button-content-wrapper\">\n\t\t\t\t\t\t\t\t\t<span class=\"elementor-button-text\">Solicitar asesoramiento \/ presupuesto<\/span>\n\t\t\t\t\t<\/span>\n\t\t\t\t\t<\/a>\n\t\t\t\t\t\t\t\t<\/div>\n\t\t\t\t<\/div>\n\t\t\t\t\t<\/div>\n\t\t\t\t<\/div>\n\t\t<div class=\"elementor-element elementor-element-5bcb46a e-grid e-con-boxed e-con e-parent\" data-id=\"5bcb46a\" data-element_type=\"container\" data-settings=\"{&quot;background_background&quot;:&quot;classic&quot;}\">\n\t\t\t\t\t<div class=\"e-con-inner\">\n\t\t\t\t<div class=\"elementor-element elementor-element-b6b187a elementor-widget elementor-widget-image\" data-id=\"b6b187a\" data-element_type=\"widget\" data-widget_type=\"image.default\">\n\t\t\t\t\t\t\t\t\t\t\t\t\t\t\t<img loading=\"lazy\" decoding=\"async\" width=\"400\" height=\"300\" src=\"https:\/\/sitiosweburuguay.com\/genexa\/wp-content\/uploads\/2025\/09\/11.png\" class=\"attachment-large size-large wp-image-1755\" alt=\"\" srcset=\"https:\/\/sitiosweburuguay.com\/genexa\/wp-content\/uploads\/2025\/09\/11.png 400w, https:\/\/sitiosweburuguay.com\/genexa\/wp-content\/uploads\/2025\/09\/11-300x225.png 300w\" sizes=\"(max-width: 400px) 100vw, 400px\" \/>\t\t\t\t\t\t\t\t\t\t\t\t\t\t\t<\/div>\n\t\t\t\t<div class=\"elementor-element elementor-element-c3e3f19 elementor-widget elementor-widget-text-editor\" data-id=\"c3e3f19\" data-element_type=\"widget\" data-widget_type=\"text-editor.default\">\n\t\t\t\t\t\t\t\t\t<h3>Cuarto de Milla<\/h3><p>Hypp Paralisis<br \/>Hipercal\u00e9mica.Acumulaci\u00f3n de glic\u00f3geno tipo IV<\/p>\t\t\t\t\t\t\t\t<\/div>\n\t\t<div class=\"elementor-element elementor-element-8ccbf61 e-con-full e-flex e-con e-child\" data-id=\"8ccbf61\" data-element_type=\"container\">\n\t\t\t\t<div class=\"elementor-element elementor-element-b7b86fc elementor-widget elementor-widget-button\" data-id=\"b7b86fc\" data-element_type=\"widget\" data-widget_type=\"button.default\">\n\t\t\t\t\t\t\t\t\t\t<a class=\"elementor-button elementor-button-link elementor-size-sm\" href=\"https:\/\/sitiosweburuguay.com\/genexa\/cuarto-de-milla\/\">\n\t\t\t\t\t\t<span class=\"elementor-button-content-wrapper\">\n\t\t\t\t\t\t\t\t\t<span class=\"elementor-button-text\">Leer m\u00e1s<\/span>\n\t\t\t\t\t<\/span>\n\t\t\t\t\t<\/a>\n\t\t\t\t\t\t\t\t<\/div>\n\t\t\t\t<div class=\"elementor-element elementor-element-2011a83 elementor-widget elementor-widget-button\" data-id=\"2011a83\" data-element_type=\"widget\" data-widget_type=\"button.default\">\n\t\t\t\t\t\t\t\t\t\t<a class=\"elementor-button elementor-button-link elementor-size-sm\" href=\"https:\/\/sitiosweburuguay.com\/genexa\/contact\/#micontacto\">\n\t\t\t\t\t\t<span class=\"elementor-button-content-wrapper\">\n\t\t\t\t\t\t\t\t\t<span class=\"elementor-button-text\">Solicitar asesoramiento \/ presupuesto<\/span>\n\t\t\t\t\t<\/span>\n\t\t\t\t\t<\/a>\n\t\t\t\t\t\t\t\t<\/div>\n\t\t\t\t<\/div>\n\t\t\t\t\t<\/div>\n\t\t\t\t<\/div>\n\t\t<div class=\"elementor-element elementor-element-31a3793 e-grid e-con-boxed e-con e-parent\" data-id=\"31a3793\" data-element_type=\"container\">\n\t\t\t\t\t<div class=\"e-con-inner\">\n\t\t\t\t<div class=\"elementor-element elementor-element-3400849 elementor-widget elementor-widget-image\" data-id=\"3400849\" data-element_type=\"widget\" data-widget_type=\"image.default\">\n\t\t\t\t\t\t\t\t\t\t\t\t\t\t\t<img loading=\"lazy\" decoding=\"async\" width=\"400\" height=\"300\" src=\"https:\/\/sitiosweburuguay.com\/genexa\/wp-content\/uploads\/2025\/12\/Diseno-sin-titulo-9.png\" class=\"attachment-large size-large wp-image-3427\" alt=\"\" srcset=\"https:\/\/sitiosweburuguay.com\/genexa\/wp-content\/uploads\/2025\/12\/Diseno-sin-titulo-9.png 400w, https:\/\/sitiosweburuguay.com\/genexa\/wp-content\/uploads\/2025\/12\/Diseno-sin-titulo-9-300x225.png 300w\" sizes=\"(max-width: 400px) 100vw, 400px\" \/>\t\t\t\t\t\t\t\t\t\t\t\t\t\t\t<\/div>\n\t\t\t\t<div class=\"elementor-element elementor-element-0e82f78 elementor-widget elementor-widget-text-editor\" data-id=\"0e82f78\" data-element_type=\"widget\" data-widget_type=\"text-editor.default\">\n\t\t\t\t\t\t\t\t\t<h3>Paint<\/h3><p>Determine el Color de Pelo.<\/p>\t\t\t\t\t\t\t\t<\/div>\n\t\t<div class=\"elementor-element elementor-element-0557a9b e-con-full e-flex e-con e-child\" data-id=\"0557a9b\" data-element_type=\"container\">\n\t\t\t\t<div class=\"elementor-element elementor-element-6ee1fb2 elementor-widget elementor-widget-button\" data-id=\"6ee1fb2\" data-element_type=\"widget\" data-widget_type=\"button.default\">\n\t\t\t\t\t\t\t\t\t\t<a class=\"elementor-button elementor-button-link elementor-size-sm\" href=\"https:\/\/sitiosweburuguay.com\/genexa\/paint\/\">\n\t\t\t\t\t\t<span class=\"elementor-button-content-wrapper\">\n\t\t\t\t\t\t\t\t\t<span class=\"elementor-button-text\">Leer m\u00e1s<\/span>\n\t\t\t\t\t<\/span>\n\t\t\t\t\t<\/a>\n\t\t\t\t\t\t\t\t<\/div>\n\t\t\t\t<div class=\"elementor-element elementor-element-1fd98ee elementor-widget elementor-widget-button\" data-id=\"1fd98ee\" data-element_type=\"widget\" data-widget_type=\"button.default\">\n\t\t\t\t\t\t\t\t\t\t<a class=\"elementor-button elementor-button-link elementor-size-sm\" href=\"https:\/\/sitiosweburuguay.com\/genexa\/contact\/#micontacto\">\n\t\t\t\t\t\t<span class=\"elementor-button-content-wrapper\">\n\t\t\t\t\t\t\t\t\t<span class=\"elementor-button-text\">Solicitar asesoramiento \/ presupuesto<\/span>\n\t\t\t\t\t<\/span>\n\t\t\t\t\t<\/a>\n\t\t\t\t\t\t\t\t<\/div>\n\t\t\t\t<\/div>\n\t\t\t\t\t<\/div>\n\t\t\t\t<\/div>\n\t\t<div class=\"elementor-element elementor-element-9789c63 e-grid e-con-boxed e-con e-parent\" data-id=\"9789c63\" data-element_type=\"container\" data-settings=\"{&quot;background_background&quot;:&quot;classic&quot;}\">\n\t\t\t\t\t<div class=\"e-con-inner\">\n\t\t\t\t<div class=\"elementor-element elementor-element-176ea98 elementor-widget elementor-widget-image\" data-id=\"176ea98\" data-element_type=\"widget\" data-widget_type=\"image.default\">\n\t\t\t\t\t\t\t\t\t\t\t\t\t\t\t<img loading=\"lazy\" decoding=\"async\" width=\"400\" height=\"300\" src=\"https:\/\/sitiosweburuguay.com\/genexa\/wp-content\/uploads\/2025\/09\/7-2.png\" class=\"attachment-large size-large wp-image-1731\" alt=\"\" srcset=\"https:\/\/sitiosweburuguay.com\/genexa\/wp-content\/uploads\/2025\/09\/7-2.png 400w, https:\/\/sitiosweburuguay.com\/genexa\/wp-content\/uploads\/2025\/09\/7-2-300x225.png 300w\" sizes=\"(max-width: 400px) 100vw, 400px\" \/>\t\t\t\t\t\t\t\t\t\t\t\t\t\t\t<\/div>\n\t\t\t\t<div class=\"elementor-element elementor-element-b90bf58 elementor-widget elementor-widget-text-editor\" data-id=\"b90bf58\" data-element_type=\"widget\" data-widget_type=\"text-editor.default\">\n\t\t\t\t\t\t\t\t\t<h3>Array Equino<\/h3><p>Aplicaciones de Axiom Equine Genotyping Array:<br \/>Investigaci\u00f3n de rasgos complejos<br \/>An\u00e1lisis de todo el genoma y mapeo fino<br \/>An\u00e1lisis de diversidad<br \/>Predicci\u00f3n gen\u00f3mica del riesgo de enfermedad<\/p>\t\t\t\t\t\t\t\t<\/div>\n\t\t<div class=\"elementor-element elementor-element-8bdc2b0 e-con-full e-flex e-con e-child\" data-id=\"8bdc2b0\" data-element_type=\"container\">\n\t\t\t\t<div class=\"elementor-element elementor-element-5ac5eb8 elementor-widget elementor-widget-button\" data-id=\"5ac5eb8\" data-element_type=\"widget\" data-widget_type=\"button.default\">\n\t\t\t\t\t\t\t\t\t\t<a class=\"elementor-button elementor-button-link elementor-size-sm\" href=\"https:\/\/sitiosweburuguay.com\/genexa\/array-equino\/\">\n\t\t\t\t\t\t<span class=\"elementor-button-content-wrapper\">\n\t\t\t\t\t\t\t\t\t<span class=\"elementor-button-text\">Leer m\u00e1s<\/span>\n\t\t\t\t\t<\/span>\n\t\t\t\t\t<\/a>\n\t\t\t\t\t\t\t\t<\/div>\n\t\t\t\t<div class=\"elementor-element elementor-element-caf73e3 elementor-widget elementor-widget-button\" data-id=\"caf73e3\" data-element_type=\"widget\" data-widget_type=\"button.default\">\n\t\t\t\t\t\t\t\t\t\t<a class=\"elementor-button elementor-button-link elementor-size-sm\" href=\"https:\/\/sitiosweburuguay.com\/genexa\/contact\/#micontacto\">\n\t\t\t\t\t\t<span class=\"elementor-button-content-wrapper\">\n\t\t\t\t\t\t\t\t\t<span class=\"elementor-button-text\">Solicitar asesoramiento \/ presupuesto<\/span>\n\t\t\t\t\t<\/span>\n\t\t\t\t\t<\/a>\n\t\t\t\t\t\t\t\t<\/div>\n\t\t\t\t<\/div>\n\t\t\t\t\t<\/div>\n\t\t\t\t<\/div>\n\t\t<div class=\"elementor-element elementor-element-faebb7a e-flex e-con-boxed e-con e-parent\" data-id=\"faebb7a\" data-element_type=\"container\">\n\t\t\t\t\t<div class=\"e-con-inner\">\n\t\t\t\t<div class=\"elementor-element elementor-element-d196568 elementor-widget elementor-widget-spacer\" data-id=\"d196568\" data-element_type=\"widget\" data-widget_type=\"spacer.default\">\n\t\t\t\t\t\t\t<div class=\"elementor-spacer\">\n\t\t\t<div class=\"elementor-spacer-inner\"><\/div>\n\t\t<\/div>\n\t\t\t\t\t\t<\/div>\n\t\t\t\t\t<\/div>\n\t\t\t\t<\/div>\n\t\t<div class=\"elementor-element elementor-element-4b1b43b e-con-full e-flex e-con e-parent\" data-id=\"4b1b43b\" data-element_type=\"container\">\n\t\t\t\t<div class=\"elementor-element elementor-element-64457d3 elementor-widget elementor-widget-html\" data-id=\"64457d3\" data-element_type=\"widget\" data-widget_type=\"html.default\">\n\t\t\t\t\t<footer class=\"site-footer\">\n  <div class=\"footer-container\">\n    \n    <!-- Columna Izquierda -->\n    <div class=\"footer-left\">\n      <img decoding=\"async\" src=\"https:\/\/sitiosweburuguay.com\/genexa\/wp-content\/uploads\/2025\/09\/logoBlanco.png\" alt=\"Genexa Logo\" class=\"footer-logo\">\n      <p class=\"footer-slogan\">ADN EVOLUTIVO<\/p>\n\n      <ul class=\"footer-contact\">\n        <li><i class=\"fas fa-envelope\"><\/i> info@genexa.com.uy<\/li>\n        <li><i class=\"fas fa-calendar-alt\"><\/i> Lunes a viernes de 9hs a 18hs<\/li>\n        <li class=\"footer-country\"><\/li>\n        <li><i class=\"fas fa-map-marker-alt\"><\/i><strong>Uruguay,<\/strong> Montevideo, Yaro 1234<\/li>\n        <li><i class=\"fas fa-phone\"><\/i> (598) 2418 0000 \/ 092 418 000<\/li>\n      <\/ul>\n    <\/div>\n\n    <!-- Columna Centro -->\n    <div class=\"footer-center\">\n      <div class=\"footer-buttons\">\n        <div class=\"footer-complaint\">\n          <p>Quejas o sugerencias<\/p>\n          <a href=\"https:\/\/sitiosweburuguay.com\/genexa\/contact\/#micontacto\" class=\"btn btn-light\">Click aqu\u00ed<\/a>\n        <\/div>\n      <\/div>\n    <\/div>\n\n    <!-- Columna Derecha -->\n    <div class=\"footer-right\">\n      <!-- Suscripci\u00f3n ahora arriba de las redes -->\n      <div class=\"footer-subscribe\">\n        <p>Si desea recibir informaci\u00f3n<\/p>\n        <a href=\"https:\/\/sitiosweburuguay.com\/genexa\/suscribase\/\" class=\"btn btn-blue\">Suscr\u00edbase aqu\u00ed<\/a>\n      <\/div>\n\n      <p>Seguinos en<\/p>\n      <div class=\"social-icons\">\n        <a href=\"https:\/\/wa.me\/59892418000\" target=\"_blank\" rel=\"noopener\"><i class=\"fab fa-whatsapp\"><\/i><\/a>\n        <!--<a href=\"#\"><i class=\"fab fa-youtube\"><\/i><\/a>-->\n        \n        <!-- X como imagen -->\n        <a href=\"https:\/\/x.com\/GenexaUruguay\/status\/1907164692356686088\" target=\"_blank\" rel=\"noopener\">\n          <img decoding=\"async\" src=\"https:\/\/upload.wikimedia.org\/wikipedia\/commons\/5\/53\/X_logo_2023_original.svg\" \n               alt=\"X (Twitter)\" class=\"social-x\">\n        <\/a>\n        \n        <a href=\"https:\/\/www.facebook.com\/genexa.adn\/\" target=\"_blank\"><i class=\"fab fa-facebook-f\"><\/i><\/a>\n        <a href=\"https:\/\/www.instagram.com\/genexa.adn\" target=\"_blank\"><i class=\"fab fa-instagram\"><\/i><\/a>\n        <a href=\"https:\/\/www.linkedin.com\/company\/genexa-adn-evolutivo\" target=\"_blank\"><i class=\"fab fa-linkedin-in\"><\/i><\/a>\n      <\/div>\n    <\/div>\n  <\/div>\n\n  <div class=\"footer-bottom\">\n    <p>Copyright \u00a9 2025 Genexa S.A., All Rights Reserved<\/p>\n  <\/div>\n<\/footer>\n\n<style>\n\/* ==========================\n   FOOTER\n========================== *\/\n.site-footer {\n  background: url('https:\/\/sitiosweburuguay.com\/genexa\/wp-content\/uploads\/2025\/09\/footer-scaled.jpg') no-repeat center center;\n  background-size: cover;\n  color: #fff;\n  font-family: 'Arial', sans-serif;\n  padding: 40px 20px 20px;\n}\n\n.footer-container {\n  display: flex;\n  flex-wrap: wrap;\n  justify-content: space-between;\n  align-items: flex-start;\n  gap: 30px;\n  max-width: 1200px;\n  margin: 0 auto;\n}\n\n\/* Columna izquierda *\/\n.footer-left {\n  flex: 1 1 250px;\n}\n.footer-logo {\n  width: 160px;\n}\n.footer-slogan {\n  margin: 5px 0 20px;\n  font-size: 14px;\n  letter-spacing: 2px;\n}\n.footer-contact {\n  list-style: none;\n  padding: 0;\n  margin: 0;\n}\n.footer-contact li {\n  margin: 8px 0;\n  font-size: 14px;\n}\n.footer-contact i {\n  margin-right: 8px;\n  color: #fff;\n}\n.footer-country {\n  margin-top: 15px;\n}\n\n\/* Columna centro *\/\n.footer-center {\n  flex: 1 1 250px;\n  text-align: center;\n}\n.footer-buttons {\n  display: flex;\n  flex-direction: column;\n  gap: 20px;\n}\n.footer-complaint p {\n  margin-bottom: 8px;\n  font-size: 14px;\n  color:#fff;\n}\n\n\/* Botones *\/\n.btn {\n  display: inline-block;\n  padding: 10px 20px;\n  border-radius: 30px;\n  text-decoration: none;\n  font-weight: bold;\n}\n.btn-blue {\n  background-color: #07246D;\n  color: #fff;\n}\n.btn-light {\n  background-color: #e0f7fa;\n  color: #000;\n}\n\n\/* Columna derecha *\/\n.footer-right {\n  flex: 1 1 250px;\n  text-align: center;\n}\n.footer-right p {\n  margin-bottom: 15px;\n  font-size: 14px;\n  color: #fff;\n}\n\n\/* Suscripci\u00f3n *\/\n.footer-subscribe {\n  margin-bottom: 20px;\n}\n.footer-subscribe p {\n  margin-bottom: 8px;\n  font-size: 14px;\n  color: #fff;\n}\n\n\/* Redes sociales *\/\n.social-icons {\n  display: flex;\n  justify-content: center;\n  gap: 12px;\n}\n.social-icons a {\n  display: flex;\n  justify-content: center;\n  align-items: center;\n  width: 42px;\n  height: 42px;\n  background: #07246D;\n  color: #fff;\n  font-size: 20px;\n  border-radius: 50%;\n  text-align: center;\n  transition: 0.3s;\n}\n.social-icons a:hover {\n  background: #1976d2;\n}\n\n\/* Bottom *\/\n.footer-bottom {\n  text-align: center;\n  margin-top: 30px;\n  font-size: 14px;\n  color: #fff;\n}\n\n\/* Responsive *\/\n@media (max-width: 768px) {\n  .footer-container {\n    flex-direction: column;\n    align-items: center;\n    text-align: center;\n  }\n  .footer-left, .footer-center, .footer-right {\n    flex: 1 1 100%;\n  }\n}\n\n.social-icons img.social-x {\n  width: 20px;\n  height: 20px;\n  filter: brightness(0) invert(1);\n  display: inline-block;\n  vertical-align: middle;\n}\n<\/style>\n\r\n\t\t\t\t<\/div>\n\t\t\t\t<\/div>\n\t\t\t\t<\/div>\n\t\t","protected":false},"excerpt":{"rendered":"<p>Nos especializamos en la identificaci\u00f3n animal por ADN, la detecci\u00f3n de pat\u00f3genos, el an\u00e1lisis de marcadores moleculares asociado a caracter\u00edsticas de inter\u00e9s del sector, el desarrollo de nuevos productos, y [&hellip;]<\/p>\n","protected":false},"author":1,"featured_media":0,"parent":0,"menu_order":0,"comment_status":"closed","ping_status":"closed","template":"tpl-default-elementor.php","meta":{"footnotes":""},"class_list":["post-1746","page","type-page","status-publish","hentry"],"_links":{"self":[{"href":"https:\/\/sitiosweburuguay.com\/genexa\/wp-json\/wp\/v2\/pages\/1746","targetHints":{"allow":["GET"]}}],"collection":[{"href":"https:\/\/sitiosweburuguay.com\/genexa\/wp-json\/wp\/v2\/pages"}],"about":[{"href":"https:\/\/sitiosweburuguay.com\/genexa\/wp-json\/wp\/v2\/types\/page"}],"author":[{"embeddable":true,"href":"https:\/\/sitiosweburuguay.com\/genexa\/wp-json\/wp\/v2\/users\/1"}],"replies":[{"embeddable":true,"href":"https:\/\/sitiosweburuguay.com\/genexa\/wp-json\/wp\/v2\/comments?post=1746"}],"version-history":[{"count":58,"href":"https:\/\/sitiosweburuguay.com\/genexa\/wp-json\/wp\/v2\/pages\/1746\/revisions"}],"predecessor-version":[{"id":4725,"href":"https:\/\/sitiosweburuguay.com\/genexa\/wp-json\/wp\/v2\/pages\/1746\/revisions\/4725"}],"wp:attachment":[{"href":"https:\/\/sitiosweburuguay.com\/genexa\/wp-json\/wp\/v2\/media?parent=1746"}],"curies":[{"name":"wp","href":"https:\/\/api.w.org\/{rel}","templated":true}]}}